{"id":645,"date":"2025-01-23T22:43:44","date_gmt":"2025-01-23T21:43:44","guid":{"rendered":"https:\/\/www.yenkabouw.be\/diensten\/onze-bouw-en-renovatieoplossingen\/"},"modified":"2025-01-27T16:45:57","modified_gmt":"2025-01-27T15:45:57","slug":"onze-bouw-en-renovatieoplossingen","status":"publish","type":"page","link":"https:\/\/www.yenkabouw.be\/nl\/diensten\/onze-bouw-en-renovatieoplossingen\/","title":{"rendered":"Onze bouw- en renovatieoplossingen"},"content":{"rendered":"\n\t<section class=\"section\" id=\"section_493586610\">\n\t\t<div class=\"section-bg fill\" >\n\t\t\t\t\t\t\t\t\t\n\t\t\t\n\n\t\t<\/div>\n\n\t\t\n\n\t\t<div class=\"section-content relative\">\n\t\t\t\n<div class=\"row\"  id=\"row-523610768\">\n\n\t<div id=\"col-479521656\" class=\"col medium-5 small-12 large-5\"  >\n\t\t\t\t<div class=\"col-inner\"  >\n\t\t\t\n\t\t\t\n\n  <div class=\"banner has-hover\" id=\"banner-617223952\">\n          <div class=\"banner-inner fill\">\n        <div class=\"banner-bg fill\" >\n            <img loading=\"lazy\" decoding=\"async\" width=\"800\" height=\"1200\" src=\"https:\/\/www.yenkabouw.be\/wp-content\/uploads\/2025\/01\/cloisons-Faux-Plafonds.jpg\" class=\"bg attachment-original size-original\" alt=\"\" \/>                                    \n                    <\/div>\n\t\t\n        <div class=\"banner-layers container\">\n            <div class=\"fill banner-link\"><\/div>            \n   <div id=\"text-box-1220413454\" class=\"text-box banner-layer x50 md-x50 lg-x50 y50 md-y50 lg-y50 res-text\">\n                                <div class=\"text-box-content text dark\">\n              \n              <div class=\"text-inner text-center\">\n                  \n              <\/div>\n           <\/div>\n                            \n<style>\n#text-box-1220413454 {\n  width: 60%;\n}\n#text-box-1220413454 .text-box-content {\n  font-size: 100%;\n}\n@media (min-width:550px) {\n  #text-box-1220413454 {\n    width: 60%;\n  }\n}\n<\/style>\n    <\/div>\n \n        <\/div>\n      <\/div>\n\n            \n<style>\n#banner-617223952 {\n  padding-top: 610px;\n}\n#banner-617223952 .banner-bg img {\n  object-position: 60% 42%;\n}\n<\/style>\n  <\/div>\n\n\n\t\t<\/div>\n\t\t\t\t\t<\/div>\n\n\t\n\n\t<div id=\"col-1068049951\" class=\"col medium-7 small-11 large-7\"  >\n\t\t\t\t<div class=\"col-inner\"  >\n\t\t\t\n\t\t\t\n\t<div id=\"gap-1106621533\" class=\"gap-element clearfix\" style=\"display:block; height:auto;\">\n\t\t\n<style>\n#gap-1106621533 {\n  padding-top: 50px;\n}\n<\/style>\n\t<\/div>\n\t\n<h2><span style=\"font-size: 140%;\"><strong>Ontdek onze aanvullende diensten<\/strong><\/span><\/h2>\n<p>Bij Yenka Bouw bieden we veel meer dan dakbedekking en gevelbekleding. We bieden een breed scala aan diensten om te voldoen aan al uw behoeften op het gebied van bouw, renovatie en verbouwing. Ontdek hoe onze oplossingen op maat je huis of bedrijfsruimte kunnen transformeren met expertise en stijl.<\/p>\n<h3><span style=\"font-size: 140%;\"><strong>Scheidingswanden en valse plafonds<\/strong><\/span><\/h3>\n<p>O<strong>ntwerp uw ruimtes met stijl en effici\u00ebntie<\/strong> Yenka Bouw kan u helpen moderne scheidingswanden en valse plafonds te cre\u00ebren die zowel aantrekkelijk als functioneel zijn. Of je nu op zoek bent naar een residenti\u00eble of commerci\u00eble ruimte, onze op maat gemaakte oplossingen zijn perfect geschikt voor jouw behoeften. Met een snelle installatie en een onberispelijke afwerking garanderen we een resultaat dat design en functionaliteit combineert.<\/p>\n\t<div id=\"gap-129868076\" class=\"gap-element clearfix\" style=\"display:block; height:auto;\">\n\t\t\n<style>\n#gap-129868076 {\n  padding-top: 6px;\n}\n<\/style>\n\t<\/div>\n\t\n\t\t<\/div>\n\t\t\t\t\n<style>\n#col-1068049951 > .col-inner {\n  padding: 0px 0px 0px 30px;\n}\n<\/style>\n\t<\/div>\n\n\t\n<\/div>\n\t\t<\/div>\n\n\t\t\n<style>\n#section_493586610 {\n  padding-top: 30px;\n  padding-bottom: 30px;\n  background-color: rgb(255, 255, 255);\n}\n<\/style>\n\t<\/section>\n\t\n\n\t<section class=\"section\" id=\"section_735022415\">\n\t\t<div class=\"section-bg fill\" >\n\t\t\t\t\t\t\t\t\t\n\t\t\t\n\n\t\t<\/div>\n\n\t\t\n\n\t\t<div class=\"section-content relative\">\n\t\t\t\n<div class=\"row\" style=\"max-width:1200px\" id=\"row-994126405\">\n\n\t<div id=\"col-2040868370\" class=\"col medium-11 small-12 large-9\"  >\n\t\t\t\t<div class=\"col-inner\"  >\n\t\t\t\n\t\t\t\n\t<div id=\"gap-1057163152\" class=\"gap-element clearfix\" style=\"display:block; height:auto;\">\n\t\t\n<style>\n#gap-1057163152 {\n  padding-top: 30px;\n}\n<\/style>\n\t<\/div>\n\t\n\n  <div class=\"banner has-hover\" id=\"banner-863873816\">\n          <div class=\"banner-inner fill\">\n        <div class=\"banner-bg fill\" >\n            <img loading=\"lazy\" decoding=\"async\" width=\"1200\" height=\"800\" src=\"https:\/\/www.yenkabouw.be\/wp-content\/uploads\/2025\/01\/revetements-Sol.jpg\" class=\"bg attachment-original size-original\" alt=\"\" \/>                                    \n                    <\/div>\n\t\t\n        <div class=\"banner-layers container\">\n            <div class=\"fill banner-link\"><\/div>            \n   <div id=\"text-box-769276463\" class=\"text-box banner-layer x50 md-x50 lg-x50 y50 md-y50 lg-y50 res-text\">\n                                <div class=\"text-box-content text dark\">\n              \n              <div class=\"text-inner text-center\">\n                  \n              <\/div>\n           <\/div>\n                            \n<style>\n#text-box-769276463 {\n  width: 60%;\n}\n#text-box-769276463 .text-box-content {\n  font-size: 100%;\n}\n@media (min-width:550px) {\n  #text-box-769276463 {\n    width: 60%;\n  }\n}\n<\/style>\n    <\/div>\n \n        <\/div>\n      <\/div>\n\n            \n<style>\n#banner-863873816 {\n  padding-top: 300px;\n  background-color: rgb(255,255,255);\n}\n#banner-863873816 .banner-bg img {\n  object-position: 100% 74%;\n}\n@media (min-width:550px) {\n  #banner-863873816 {\n    padding-top: 500px;\n  }\n}\n<\/style>\n  <\/div>\n\n\n\t\t<\/div>\n\t\t\t\t\t<\/div>\n\n\t\n<\/div>\n<div class=\"row align-right\" style=\"max-width:1200px\" id=\"row-1214083053\">\n\n\t<div id=\"col-1971573997\" class=\"col medium-8 small-12 large-6\"  >\n\t\t\t\t<div class=\"col-inner\" style=\"background-color:rgb(255, 255, 255);\" >\n\t\t\t\n\t\t\t\n\t<div id=\"text-4139408975\" class=\"text\">\n\t\t\n<h2>Vloerbedekkingen<br \/>\n<\/h2>\n\t\t\n<style>\n#text-4139408975 {\n  font-size: 1.5rem;\n}\n<\/style>\n\t<\/div>\n\t\n<p>E<strong>en vloer die duurzaamheid en elegantie combineert<\/strong> Transformeer je interieur met vloerbedekkingen van hoge kwaliteit. Warm parket, elegante tegels, modern vinyl of robuust laminaat: we bieden een ruime keuze aan materialen die passen bij jouw smaak en behoeften. Vertrouw op Yenka Bouw voor nauwkeurig werk en afwerkingen die uw ruimte zullen verfraaien.<\/p>\n\t\t<\/div>\n\t\t\t\t\n<style>\n#col-1971573997 > .col-inner {\n  padding: 10% 10% 10% 10%;\n  margin: -42px -42px 0px 0px;\n}\n@media (min-width:550px) {\n  #col-1971573997 > .col-inner {\n    margin: -317px -42px 0px 0px;\n  }\n}\n<\/style>\n\t<\/div>\n\n\t\n<\/div>\n\t\t<\/div>\n\n\t\t\n<style>\n#section_735022415 {\n  padding-top: 40px;\n  padding-bottom: 40px;\n  background-color: rgb(249, 249, 249);\n}\n@media (min-width:550px) {\n  #section_735022415 {\n    padding-top: 80px;\n    padding-bottom: 80px;\n  }\n}\n@media (min-width:850px) {\n  #section_735022415 {\n    padding-top: 100px;\n    padding-bottom: 100px;\n  }\n}\n<\/style>\n\t<\/section>\n\t\n\n\t<section class=\"section\" id=\"section_1952657385\">\n\t\t<div class=\"section-bg fill\" >\n\t\t\t\t\t\t\t\t\t\n\t\t\t\n\n\t\t<\/div>\n\n\t\t\n\n\t\t<div class=\"section-content relative\">\n\t\t\t\n\t<div id=\"gap-1641216153\" class=\"gap-element clearfix\" style=\"display:block; height:auto;\">\n\t\t\n<style>\n#gap-1641216153 {\n  padding-top: 30px;\n}\n<\/style>\n\t<\/div>\n\t\n<div class=\"row\" style=\"max-width:1200px\" id=\"row-477529426\">\n\n\t<div id=\"col-1939136241\" class=\"col medium-6 small-12 large-6\"  >\n\t\t\t\t<div class=\"col-inner\"  >\n\t\t\t\n\t\t\t\n\n  <div class=\"banner has-hover\" id=\"banner-112243250\">\n          <div class=\"banner-inner fill\">\n        <div class=\"banner-bg fill\" >\n            <img loading=\"lazy\" decoding=\"async\" width=\"1200\" height=\"801\" src=\"https:\/\/www.yenkabouw.be\/wp-content\/uploads\/2025\/01\/Menuiserie-Interieure-.jpg\" class=\"bg attachment-original size-original\" alt=\"\" \/>                                    \n                    <\/div>\n\t\t\n        <div class=\"banner-layers container\">\n            <div class=\"fill banner-link\"><\/div>            \n   <div id=\"text-box-1165411333\" class=\"text-box banner-layer x50 md-x50 lg-x50 y50 md-y50 lg-y50 res-text\">\n                                <div class=\"text-box-content text dark\">\n              \n              <div class=\"text-inner text-center\">\n                  \n              <\/div>\n           <\/div>\n                            \n<style>\n#text-box-1165411333 {\n  width: 60%;\n}\n#text-box-1165411333 .text-box-content {\n  font-size: 100%;\n}\n@media (min-width:550px) {\n  #text-box-1165411333 {\n    width: 60%;\n  }\n}\n<\/style>\n    <\/div>\n \n        <\/div>\n      <\/div>\n\n            \n<style>\n#banner-112243250 {\n  padding-top: 400px;\n  background-color: rgb(255, 255, 255);\n}\n#banner-112243250 .banner-bg img {\n  object-position: 42% 11%;\n}\n@media (min-width:550px) {\n  #banner-112243250 {\n    padding-top: 600px;\n  }\n}\n<\/style>\n  <\/div>\n\n\n\t<div id=\"gap-1122987075\" class=\"gap-element clearfix\" style=\"display:block; height:auto;\">\n\t\t\n<style>\n#gap-1122987075 {\n  padding-top: 30px;\n}\n@media (min-width:550px) {\n  #gap-1122987075 {\n    padding-top: 100px;\n  }\n}\n<\/style>\n\t<\/div>\n\t\n\t<div id=\"text-2915180040\" class=\"text\">\n\t\t\n<h2>Constructiewerk &amp; funderingen<br \/>\n<\/h2>\n\t\t\n<style>\n#text-2915180040 {\n  font-size: 1.5rem;\n}\n<\/style>\n\t<\/div>\n\t\n<p>E<strong>en solide basis voor uw toekomstige projecten<\/strong> Met Yenka Bouw kunt u met een gerust hart bouwen. Wij voeren uw structurele werkzaamheden en funderingen uit met expertise en precisie, of u nu van plan bent om een nieuw gebouw te bouwen of een structurele renovatie uit te voeren. Onze ervaren teams zorgen voor de duurzaamheid en degelijkheid van je project en voldoen tegelijkertijd aan je deadlines en verwachtingen.<\/p>\n\t\t<\/div>\n\t\t\t\t\n<style>\n#col-1939136241 > .col-inner {\n  padding: 0px 0px 0px 1px;\n}\n@media (min-width:850px) {\n  #col-1939136241 > .col-inner {\n    padding: 50px 50px 50px 0px;\n  }\n}\n<\/style>\n\t<\/div>\n\n\t\n\n\t<div id=\"col-903245131\" class=\"col medium-6 small-12 large-6\"  >\n\t\t\t\t<div class=\"col-inner\"  >\n\t\t\t\n\t\t\t\n\t<div id=\"text-3686042960\" class=\"text\">\n\t\t\n<h2>Schrijnwerk binnen<br \/>\n<\/h2>\n\t\t\n<style>\n#text-3686042960 {\n  font-size: 1.5rem;\n}\n<\/style>\n\t<\/div>\n\t\n<p>Geef <strong>je interieur een uniek tintje<\/strong> Druk je stijl uit met onze interieurtimmerwerken op maat. Elegante deuren, robuuste trappen, functionele kasten of andere elementen op maat: Yenka Bouw ontwerpt oplossingen in hout of moderne materialen die harmonieus in je ruimte passen. Geniet van onberispelijke kwaliteit en een uniek ontwerp.<\/p>\n\t<div id=\"gap-1472856331\" class=\"gap-element clearfix\" style=\"display:block; height:auto;\">\n\t\t\n<style>\n#gap-1472856331 {\n  padding-top: 30px;\n}\n@media (min-width:550px) {\n  #gap-1472856331 {\n    padding-top: 80px;\n  }\n}\n<\/style>\n\t<\/div>\n\t\n\n  <div class=\"banner has-hover\" id=\"banner-736414596\">\n          <div class=\"banner-inner fill\">\n        <div class=\"banner-bg fill\" >\n            <img loading=\"lazy\" decoding=\"async\" width=\"1200\" height=\"800\" src=\"https:\/\/www.yenkabouw.be\/wp-content\/uploads\/2025\/01\/go_fon.jpg\" class=\"bg attachment-original size-original\" alt=\"\" \/>                                    \n                    <\/div>\n\t\t\n        <div class=\"banner-layers container\">\n            <div class=\"fill banner-link\"><\/div>            \n   <div id=\"text-box-775415513\" class=\"text-box banner-layer x50 md-x50 lg-x50 y50 md-y50 lg-y50 res-text\">\n                                <div class=\"text-box-content text dark\">\n              \n              <div class=\"text-inner text-center\">\n                  \n              <\/div>\n           <\/div>\n                            \n<style>\n#text-box-775415513 {\n  width: 60%;\n}\n#text-box-775415513 .text-box-content {\n  font-size: 100%;\n}\n@media (min-width:550px) {\n  #text-box-775415513 {\n    width: 60%;\n  }\n}\n<\/style>\n    <\/div>\n \n        <\/div>\n      <\/div>\n\n            \n<style>\n#banner-736414596 {\n  padding-top: 400px;\n  background-color: rgb(255, 255, 255);\n}\n#banner-736414596 .banner-bg img {\n  object-position: 65% 57%;\n}\n@media (min-width:550px) {\n  #banner-736414596 {\n    padding-top: 600px;\n  }\n}\n<\/style>\n  <\/div>\n\n\n\t\t<\/div>\n\t\t\t\t\n<style>\n#col-903245131 > .col-inner {\n  padding: 0px 0px 0px 0;\n}\n@media (min-width:550px) {\n  #col-903245131 > .col-inner {\n    padding: 50px 0px 0px 20px;\n  }\n}\n@media (min-width:850px) {\n  #col-903245131 > .col-inner {\n    padding: 50px 0px 0px 50px;\n  }\n}\n<\/style>\n\t<\/div>\n\n\t\n<\/div>\n\t\t<\/div>\n\n\t\t\n<style>\n#section_1952657385 {\n  padding-top: 70px;\n  padding-bottom: 70px;\n}\n<\/style>\n\t<\/section>\n\t\n<div class=\"row\" style=\"max-width:1300px\" id=\"row-128488316\">\r\n\r\n\n\t<div id=\"col-1505324800\" class=\"col medium-6 small-12 large-12\"  >\n\t\t\t\t<div class=\"col-inner\"  >\n\t\t\t\n\t\t\t\r\n\r\n<span class=\"scroll-to\" data-label=\"Scroll to: #recensie_google\" data-bullet=\"false\" data-link=\"#recensie_google\" data-title=\"recensie_google\" ><a name=\"recensie_google\"><\/a><\/span>\r\n<script src=\"https:\/\/static.elfsight.com\/platform\/platform.js\" async><\/script>\r\n<div class=\"elfsight-app-e561cf96-b75b-4d27-ae72-73963b1f0826\" data-elfsight-app-lazy><\/div>\r\n\t\t<\/div>\n\t\t\t\t\n<style>\n#col-1505324800 > .col-inner {\n  padding: 0 0px 0px 0px;\n}\n@media (min-width:550px) {\n  #col-1505324800 > .col-inner {\n    padding: 30px 0px 0px 0px;\n  }\n}\n<\/style>\n\t<\/div>\n\n\t\r\n\r\n<\/div>\n","protected":false},"excerpt":{"rendered":"","protected":false},"author":1,"featured_media":0,"parent":634,"menu_order":0,"comment_status":"closed","ping_status":"closed","template":"","meta":{"footnotes":""},"class_list":["post-645","page","type-page","status-publish","hentry"],"_links":{"self":[{"href":"https:\/\/www.yenkabouw.be\/nl\/wp-json\/wp\/v2\/pages\/645","targetHints":{"allow":["GET"]}}],"collection":[{"href":"https:\/\/www.yenkabouw.be\/nl\/wp-json\/wp\/v2\/pages"}],"about":[{"href":"https:\/\/www.yenkabouw.be\/nl\/wp-json\/wp\/v2\/types\/page"}],"author":[{"embeddable":true,"href":"https:\/\/www.yenkabouw.be\/nl\/wp-json\/wp\/v2\/users\/1"}],"replies":[{"embeddable":true,"href":"https:\/\/www.yenkabouw.be\/nl\/wp-json\/wp\/v2\/comments?post=645"}],"version-history":[{"count":2,"href":"https:\/\/www.yenkabouw.be\/nl\/wp-json\/wp\/v2\/pages\/645\/revisions"}],"predecessor-version":[{"id":647,"href":"https:\/\/www.yenkabouw.be\/nl\/wp-json\/wp\/v2\/pages\/645\/revisions\/647"}],"up":[{"embeddable":true,"href":"https:\/\/www.yenkabouw.be\/nl\/wp-json\/wp\/v2\/pages\/634"}],"wp:attachment":[{"href":"https:\/\/www.yenkabouw.be\/nl\/wp-json\/wp\/v2\/media?parent=645"}],"curies":[{"name":"wp","href":"https:\/\/api.w.org\/{rel}","templated":true}]}}